{"id":98,"date":"2023-02-16T01:19:17","date_gmt":"2023-02-16T01:19:17","guid":{"rendered":"https:\/\/cococoast.com\/fr-ch\/?page_id=98"},"modified":"2024-10-28T20:05:46","modified_gmt":"2024-10-28T19:05:46","slug":"about","status":"publish","type":"page","link":"https:\/\/cococoast.com\/fr-ch\/about\/","title":{"rendered":"About"},"content":{"rendered":"\t\t<div data-elementor-type=\"wp-page\" data-elementor-id=\"98\" class=\"elementor elementor-98\" data-elementor-post-type=\"page\">\n\t\t\t\t\t\t<section class=\"elementor-section elementor-top-section elementor-element elementor-element-d40af4b elementor-section-height-min-height elementor-section-items-stretch elementor-section-boxed elementor-section-height-default\" data-id=\"d40af4b\" data-element_type=\"section\" data-e-type=\"section\" data-settings=\"{&quot;background_background&quot;:&quot;gradient&quot;}\">\n\t\t\t\t\t\t<div class=\"elementor-container elementor-column-gap-default\">\n\t\t\t\t\t<div class=\"elementor-column elementor-col-50 elementor-top-column elementor-element elementor-element-a06f123\" data-id=\"a06f123\" data-element_type=\"column\" data-e-type=\"column\">\n\t\t\t<div class=\"elementor-widget-wrap elementor-element-populated\">\n\t\t\t\t\t\t<div class=\"elementor-element elementor-element-f3fa82e elementor-widget__width-auto elementor-widget elementor-widget-image\" data-id=\"f3fa82e\" data-element_type=\"widget\" data-e-type=\"widget\" data-settings=\"{&quot;_animation&quot;:&quot;none&quot;,&quot;_animation_laptop&quot;:&quot;none&quot;}\" data-widget_type=\"image.default\">\n\t\t\t\t<div class=\"elementor-widget-container\">\n\t\t\t\t\t\t\t\t\t\t\t\t\t\t\t<img fetchpriority=\"high\" decoding=\"async\" width=\"297\" height=\"784\" src=\"https:\/\/cococoast.com\/fr-ch\/wp-content\/uploads\/sites\/6\/2024\/10\/can_320ml_Sparkling_fr-ch.png\" class=\"attachment-large size-large wp-image-6056\" alt=\"\" srcset=\"https:\/\/cococoast.com\/fr-ch\/wp-content\/uploads\/sites\/6\/2024\/10\/can_320ml_Sparkling_fr-ch.png 297w, https:\/\/cococoast.com\/fr-ch\/wp-content\/uploads\/sites\/6\/2024\/10\/can_320ml_Sparkling_fr-ch-114x300.png 114w\" sizes=\"(max-width: 297px) 100vw, 297px\" \/>\t\t\t\t\t\t\t\t\t\t\t\t\t\t\t<\/div>\n\t\t\t\t<\/div>\n\t\t\t\t\t<\/div>\n\t\t<\/div>\n\t\t\t\t<div class=\"elementor-column elementor-col-50 elementor-top-column elementor-element elementor-element-b0ef0b4\" data-id=\"b0ef0b4\" data-element_type=\"column\" data-e-type=\"column\">\n\t\t\t<div class=\"elementor-widget-wrap elementor-element-populated\">\n\t\t\t\t\t\t<div class=\"elementor-element elementor-element-8b5df31 elementor-invisible elementor-widget elementor-widget-heading\" data-id=\"8b5df31\" data-element_type=\"widget\" data-e-type=\"widget\" data-settings=\"{&quot;_animation&quot;:&quot;fadeIn&quot;}\" data-widget_type=\"heading.default\">\n\t\t\t\t<div class=\"elementor-widget-container\">\n\t\t\t\t\t<h1 class=\"elementor-heading-title elementor-size-default\">A propos de nous.<\/h1>\t\t\t\t<\/div>\n\t\t\t\t<\/div>\n\t\t\t\t\t<\/div>\n\t\t<\/div>\n\t\t\t\t\t<\/div>\n\t\t<\/section>\n\t\t<div class=\"elementor-element elementor-element-6182948 e-flex e-con-boxed e-con e-parent\" data-id=\"6182948\" data-element_type=\"container\" data-e-type=\"container\">\n\t\t\t\t\t<div class=\"e-con-inner\">\n\t\t\t\t<div class=\"elementor-element elementor-element-a7077ba elementor-widget elementor-widget-heading\" data-id=\"a7077ba\" data-element_type=\"widget\" data-e-type=\"widget\" data-widget_type=\"heading.default\">\n\t\t\t\t<div class=\"elementor-widget-container\">\n\t\t\t\t\t<h2 class=\"elementor-heading-title elementor-size-default\">Un bon go\u00fbt, naturellement - simple, non ?<br>\nNous sommes s\u00e9rieux quand il s'agit d'offrir un v\u00e9ritable choix pour s'hydrater purement sans sacrifier le go\u00fbt.<br>\nPour chaque individu, \u00e0 chaque instant.\n<\/h2>\t\t\t\t<\/div>\n\t\t\t\t<\/div>\n\t\t\t\t<div class=\"elementor-element elementor-element-6dbb128 elementor-widget elementor-widget-text-editor\" data-id=\"6dbb128\" data-element_type=\"widget\" data-e-type=\"widget\" data-widget_type=\"text-editor.default\">\n\t\t\t\t<div class=\"elementor-widget-container\">\n\t\t\t\t\t\t\t\t\t<p>En 2016, nous avons eu une id\u00e9e folle.<\/p>\t\t\t\t\t\t\t\t<\/div>\n\t\t\t\t<\/div>\n\t\t\t\t<div class=\"elementor-element elementor-element-cebd52a elementor-widget elementor-widget-text-editor\" data-id=\"cebd52a\" data-element_type=\"widget\" data-e-type=\"widget\" data-widget_type=\"text-editor.default\">\n\t\t\t\t<div class=\"elementor-widget-container\">\n\t\t\t\t\t\t\t\t\t<p>Et si l&rsquo;eau de coco avait bon go\u00fbt ? Et si vous pouviez vraiment prendre plaisir \u00e0 boire de l&rsquo;eau de coco ?<\/p>\t\t\t\t\t\t\t\t<\/div>\n\t\t\t\t<\/div>\n\t\t\t\t<div class=\"elementor-element elementor-element-ba89753 elementor-widget elementor-widget-text-editor\" data-id=\"ba89753\" data-element_type=\"widget\" data-e-type=\"widget\" data-widget_type=\"text-editor.default\">\n\t\t\t\t<div class=\"elementor-widget-container\">\n\t\t\t\t\t\t\t\t\t<p>D\u00e9fi relev\u00e9. Et c&rsquo;est ainsi que commen\u00e7a&#8230; la cr\u00e9ation de CocoCoast.<\/p>\t\t\t\t\t\t\t\t<\/div>\n\t\t\t\t<\/div>\n\t\t\t\t<div class=\"elementor-element elementor-element-ba8af8b elementor-widget elementor-widget-text-editor\" data-id=\"ba8af8b\" data-element_type=\"widget\" data-e-type=\"widget\" data-widget_type=\"text-editor.default\">\n\t\t\t\t<div class=\"elementor-widget-container\">\n\t\t\t\t\t\t\t\t\tUne gamme durable d&rsquo;eaux de coco pures qui:\t\t\t\t\t\t\t\t<\/div>\n\t\t\t\t<\/div>\n\t\t\t\t<div class=\"elementor-element elementor-element-aed11ed elementor-icon-list--layout-traditional elementor-list-item-link-full_width elementor-widget elementor-widget-icon-list\" data-id=\"aed11ed\" data-element_type=\"widget\" data-e-type=\"widget\" data-widget_type=\"icon-list.default\">\n\t\t\t\t<div class=\"elementor-widget-container\">\n\t\t\t\t\t\t\t<ul class=\"elementor-icon-list-items\">\n\t\t\t\t\t\t\t<li class=\"elementor-icon-list-item\">\n\t\t\t\t\t\t\t\t\t\t\t<span class=\"elementor-icon-list-icon\">\n\t\t\t\t\t\t\t<i aria-hidden=\"true\" class=\"fas fa-check\"><\/i>\t\t\t\t\t\t<\/span>\n\t\t\t\t\t\t\t\t\t\t<span class=\"elementor-icon-list-text\">Le go\u00fbt est toujours excellent, naturellement.<\/span>\n\t\t\t\t\t\t\t\t\t<\/li>\n\t\t\t\t\t\t\t\t<li class=\"elementor-icon-list-item\">\n\t\t\t\t\t\t\t\t\t\t\t<span class=\"elementor-icon-list-icon\">\n\t\t\t\t\t\t\t<i aria-hidden=\"true\" class=\"fas fa-check\"><\/i>\t\t\t\t\t\t<\/span>\n\t\t\t\t\t\t\t\t\t\t<span class=\"elementor-icon-list-text\">Une source pure d'hydratation et d'\u00e9nergie sans produits chimiques, sans artifices et sans substances nocives.<\/span>\n\t\t\t\t\t\t\t\t\t<\/li>\n\t\t\t\t\t\t\t\t<li class=\"elementor-icon-list-item\">\n\t\t\t\t\t\t\t\t\t\t\t<span class=\"elementor-icon-list-icon\">\n\t\t\t\t\t\t\t<i aria-hidden=\"true\" class=\"fas fa-check\"><\/i>\t\t\t\t\t\t<\/span>\n\t\t\t\t\t\t\t\t\t\t<span class=\"elementor-icon-list-text\">\u00eatre totalement exempts d'additifs et ne jamais provenir d'un concentr\u00e9.<\/span>\n\t\t\t\t\t\t\t\t\t<\/li>\n\t\t\t\t\t\t\t\t<li class=\"elementor-icon-list-item\">\n\t\t\t\t\t\t\t\t\t\t\t<span class=\"elementor-icon-list-icon\">\n\t\t\t\t\t\t\t<i aria-hidden=\"true\" class=\"fas fa-check\"><\/i>\t\t\t\t\t\t<\/span>\n\t\t\t\t\t\t\t\t\t\t<span class=\"elementor-icon-list-text\">En plus d'\u00eatre d\u00e9licieux, ils doivent \u00eatre magnifiques.<\/span>\n\t\t\t\t\t\t\t\t\t<\/li>\n\t\t\t\t\t\t\t\t<li class=\"elementor-icon-list-item\">\n\t\t\t\t\t\t\t\t\t\t\t<span class=\"elementor-icon-list-icon\">\n\t\t\t\t\t\t\t<i aria-hidden=\"true\" class=\"fas fa-check\"><\/i>\t\t\t\t\t\t<\/span>\n\t\t\t\t\t\t\t\t\t\t<span class=\"elementor-icon-list-text\">S'adresser \u00e0 la plupart des gens (m\u00eame les cyniques) \u00e0 chaque instant de leur vie.<\/span>\n\t\t\t\t\t\t\t\t\t<\/li>\n\t\t\t\t\t\t<\/ul>\n\t\t\t\t\t\t<\/div>\n\t\t\t\t<\/div>\n\t\t\t\t<div class=\"elementor-element elementor-element-557fee4 elementor-widget elementor-widget-text-editor\" data-id=\"557fee4\" data-element_type=\"widget\" data-e-type=\"widget\" data-widget_type=\"text-editor.default\">\n\t\t\t\t<div class=\"elementor-widget-container\">\n\t\t\t\t\t\t\t\t\t<p>Nous avons envisag\u00e9 de lui demander de tondre la pelouse et de plier le linge, mais quelqu&rsquo;un a sugg\u00e9r\u00e9 que nous allions peut-\u00eatre trop loin ?<\/p><p>Nous ne nous prenons pas trop au s\u00e9rieux, mais nous prenons au s\u00e9rieux une hydratation saine et savoureuse. Nous l&rsquo;avons toujours fait et nous le ferons toujours.<\/p><p>Nous r\u00eavons que tout le monde puisse passer des boissons synth\u00e9tiques et artificiellement raffin\u00e9es \u00e0 une hydratation enti\u00e8rement naturelle, durable et nourrissante&#8230; sans sacrifier l&rsquo;exp\u00e9rience gustative.<\/p>\t\t\t\t\t\t\t\t<\/div>\n\t\t\t\t<\/div>\n\t\t\t\t<div class=\"elementor-element elementor-element-1a60afe elementor-widget elementor-widget-text-editor\" data-id=\"1a60afe\" data-element_type=\"widget\" data-e-type=\"widget\" data-widget_type=\"text-editor.default\">\n\t\t\t\t<div class=\"elementor-widget-container\">\n\t\t\t\t\t\t\t\t\t<p>CocoCoast est d\u00e9sormais le commandant de l&rsquo;eau de coco en Australie et se d\u00e9veloppe rapidement dans le monde entier.<br \/><span class=\"bluey\"> Merci de nous avoir aid\u00e9s \u00e0 r\u00e9aliser notre r\u00eave.<br \/><\/span><\/p>\t\t\t\t\t\t\t\t<\/div>\n\t\t\t\t<\/div>\n\t\t\t\t\t<\/div>\n\t\t\t\t<\/div>\n\t\t\t\t<section class=\"elementor-section elementor-top-section elementor-element elementor-element-743dfc8 elementor-section-full_width elementor-section-height-min-height elementor-section-height-default elementor-section-items-middle\" data-id=\"743dfc8\" data-element_type=\"section\" data-e-type=\"section\" data-settings=\"{&quot;background_background&quot;:&quot;gradient&quot;}\">\n\t\t\t\t\t\t<div class=\"elementor-container elementor-column-gap-default\">\n\t\t\t\t\t<div class=\"elementor-column elementor-col-100 elementor-top-column elementor-element elementor-element-3c985bb\" data-id=\"3c985bb\" data-element_type=\"column\" data-e-type=\"column\">\n\t\t\t<div class=\"elementor-widget-wrap elementor-element-populated\">\n\t\t\t\t\t\t<div class=\"elementor-element elementor-element-b49ea7f elementor-widget elementor-widget-heading\" data-id=\"b49ea7f\" data-element_type=\"widget\" data-e-type=\"widget\" data-widget_type=\"heading.default\">\n\t\t\t\t<div class=\"elementor-widget-container\">\n\t\t\t\t\t<h3 class=\"elementor-heading-title elementor-size-default\">Un v\u00e9ritable choix.<\/h3>\t\t\t\t<\/div>\n\t\t\t\t<\/div>\n\t\t\t\t<div class=\"elementor-element elementor-element-fd74ab3 elementor-widget elementor-widget-heading\" data-id=\"fd74ab3\" data-element_type=\"widget\" data-e-type=\"widget\" data-widget_type=\"heading.default\">\n\t\t\t\t<div class=\"elementor-widget-container\">\n\t\t\t\t\t<h3 class=\"elementor-heading-title elementor-size-default\">Des produits s\u00e9lectionn\u00e9s pour le go\u00fbt, pas pour le gaspillage.<\/h3>\t\t\t\t<\/div>\n\t\t\t\t<\/div>\n\t\t\t\t<div class=\"elementor-element elementor-element-7ce6f5e elementor-invisible elementor-widget elementor-widget-image\" data-id=\"7ce6f5e\" data-element_type=\"widget\" data-e-type=\"widget\" data-settings=\"{&quot;_animation&quot;:&quot;fadeInUp&quot;}\" data-widget_type=\"image.default\">\n\t\t\t\t<div class=\"elementor-widget-container\">\n\t\t\t\t\t\t\t\t\t\t\t\t\t\t\t<img decoding=\"async\" width=\"1500\" height=\"372\" src=\"https:\/\/cococoast.com\/fr-ch\/wp-content\/uploads\/sites\/6\/2024\/10\/can-range-fr-ch-1.png\" class=\"attachment-full size-full wp-image-6024\" alt=\"\" srcset=\"https:\/\/cococoast.com\/fr-ch\/wp-content\/uploads\/sites\/6\/2024\/10\/can-range-fr-ch-1.png 1500w, https:\/\/cococoast.com\/fr-ch\/wp-content\/uploads\/sites\/6\/2024\/10\/can-range-fr-ch-1-300x74.png 300w, https:\/\/cococoast.com\/fr-ch\/wp-content\/uploads\/sites\/6\/2024\/10\/can-range-fr-ch-1-1024x254.png 1024w, https:\/\/cococoast.com\/fr-ch\/wp-content\/uploads\/sites\/6\/2024\/10\/can-range-fr-ch-1-768x190.png 768w, https:\/\/cococoast.com\/fr-ch\/wp-content\/uploads\/sites\/6\/2024\/10\/can-range-fr-ch-1-600x149.png 600w\" sizes=\"(max-width: 1500px) 100vw, 1500px\" \/>\t\t\t\t\t\t\t\t\t\t\t\t\t\t\t<\/div>\n\t\t\t\t<\/div>\n\t\t\t\t\t<\/div>\n\t\t<\/div>\n\t\t\t\t\t<\/div>\n\t\t<\/section>\n\t\t<div class=\"elementor-element elementor-element-871d9c3 e-flex e-con-boxed e-con e-parent\" data-id=\"871d9c3\" data-element_type=\"container\" data-e-type=\"container\">\n\t\t\t\t\t<div class=\"e-con-inner\">\n\t\t\t\t<div class=\"elementor-element elementor-element-53d6f37 elementor-align-center elementor-widget elementor-widget-button\" data-id=\"53d6f37\" data-element_type=\"widget\" data-e-type=\"widget\" data-widget_type=\"button.default\">\n\t\t\t\t<div class=\"elementor-widget-container\">\n\t\t\t\t\t\t\t\t\t<div class=\"elementor-button-wrapper\">\n\t\t\t\t\t<a class=\"elementor-button elementor-button-link elementor-size-sm\" href=\"http:\/\/cococoast.com\/fr-ch\/shop\/\">\n\t\t\t\t\t\t<span class=\"elementor-button-content-wrapper\">\n\t\t\t\t\t\t\t\t\t<span class=\"elementor-button-text\">Produits<\/span>\n\t\t\t\t\t<\/span>\n\t\t\t\t\t<\/a>\n\t\t\t\t<\/div>\n\t\t\t\t\t\t\t\t<\/div>\n\t\t\t\t<\/div>\n\t\t\t\t\t<\/div>\n\t\t\t\t<\/div>\n\t\t\t\t<\/div>\n\t\t","protected":false},"excerpt":{"rendered":"<p>A propos de nous. Un bon go\u00fbt, naturellement &#8211; simple, non ? Nous sommes s\u00e9rieux quand il s&rsquo;agit d&rsquo;offrir un v\u00e9ritable choix pour s&rsquo;hydrater purement sans sacrifier le go\u00fbt. Pour chaque individu, \u00e0 chaque instant. En 2016, nous avons eu une id\u00e9e folle. Et si l&rsquo;eau de coco avait bon go\u00fbt ? Et si vous [&hellip;]<\/p>\n","protected":false},"author":1,"featured_media":116,"parent":0,"menu_order":0,"comment_status":"closed","ping_status":"closed","template":"","meta":{"_acf_changed":false,"footnotes":""},"class_list":["post-98","page","type-page","status-publish","has-post-thumbnail","hentry"],"acf":[],"_links":{"self":[{"href":"https:\/\/cococoast.com\/fr-ch\/wp-json\/wp\/v2\/pages\/98","targetHints":{"allow":["GET"]}}],"collection":[{"href":"https:\/\/cococoast.com\/fr-ch\/wp-json\/wp\/v2\/pages"}],"about":[{"href":"https:\/\/cococoast.com\/fr-ch\/wp-json\/wp\/v2\/types\/page"}],"author":[{"embeddable":true,"href":"https:\/\/cococoast.com\/fr-ch\/wp-json\/wp\/v2\/users\/1"}],"replies":[{"embeddable":true,"href":"https:\/\/cococoast.com\/fr-ch\/wp-json\/wp\/v2\/comments?post=98"}],"version-history":[{"count":17,"href":"https:\/\/cococoast.com\/fr-ch\/wp-json\/wp\/v2\/pages\/98\/revisions"}],"predecessor-version":[{"id":6135,"href":"https:\/\/cococoast.com\/fr-ch\/wp-json\/wp\/v2\/pages\/98\/revisions\/6135"}],"wp:featuredmedia":[{"embeddable":true,"href":"https:\/\/cococoast.com\/fr-ch\/wp-json\/wp\/v2\/media\/116"}],"wp:attachment":[{"href":"https:\/\/cococoast.com\/fr-ch\/wp-json\/wp\/v2\/media?parent=98"}],"curies":[{"name":"wp","href":"https:\/\/api.w.org\/{rel}","templated":true}]}}