{"id":4036,"date":"2023-06-27T04:26:02","date_gmt":"2023-06-26T18:26:02","guid":{"rendered":"https:\/\/cococoast.com\/fr-ch\/?post_type=product&#038;p=4036"},"modified":"2024-11-28T13:50:25","modified_gmt":"2024-11-28T12:50:25","slug":"natural-coconut-water","status":"publish","type":"product","link":"https:\/\/cococoast.com\/fr-ch\/product\/natural-coconut-water\/","title":{"rendered":"Natural Coconut Water"},"content":{"rendered":"<p>Nous avons d\u00e9couvert le code de l&rsquo;eau de noix de coco naturelle au go\u00fbt exquis. Attendez-vous \u00e0 une explosion de saveur avec la richesse et la profondeur d&rsquo;une noix de coco pure. Ce h\u00e9ros de l&#8217;emballage a re\u00e7u l&rsquo;approbation des critiques les plus s\u00e9v\u00e8res. Nous en sommes fous.<\/p>\n","protected":false},"excerpt":{"rendered":"<p>Nous avons d\u00e9couvert le code de l&rsquo;eau de noix de coco naturelle au go\u00fbt exquis. Attendez-vous \u00e0 une explosion de saveur avec la richesse et la profondeur d&rsquo;une noix de coco pure. Ce h\u00e9ros de l&#8217;emballage a re\u00e7u l&rsquo;approbation des critiques les plus s\u00e9v\u00e8res. Nous en sommes fous.<\/p>\n","protected":false},"featured_media":6054,"comment_status":"closed","ping_status":"closed","template":"","meta":{"_acf_changed":false},"product_brand":[],"product_cat":[46],"product_tag":[],"class_list":{"0":"post-4036","1":"product","2":"type-product","3":"status-publish","4":"has-post-thumbnail","6":"product_cat-cococoast","8":"first","9":"instock","10":"purchasable","11":"product-type-simple"},"acf":[],"_links":{"self":[{"href":"https:\/\/cococoast.com\/fr-ch\/wp-json\/wp\/v2\/product\/4036","targetHints":{"allow":["GET"]}}],"collection":[{"href":"https:\/\/cococoast.com\/fr-ch\/wp-json\/wp\/v2\/product"}],"about":[{"href":"https:\/\/cococoast.com\/fr-ch\/wp-json\/wp\/v2\/types\/product"}],"replies":[{"embeddable":true,"href":"https:\/\/cococoast.com\/fr-ch\/wp-json\/wp\/v2\/comments?post=4036"}],"wp:featuredmedia":[{"embeddable":true,"href":"https:\/\/cococoast.com\/fr-ch\/wp-json\/wp\/v2\/media\/6054"}],"wp:attachment":[{"href":"https:\/\/cococoast.com\/fr-ch\/wp-json\/wp\/v2\/media?parent=4036"}],"wp:term":[{"taxonomy":"product_brand","embeddable":true,"href":"https:\/\/cococoast.com\/fr-ch\/wp-json\/wp\/v2\/product_brand?post=4036"},{"taxonomy":"product_cat","embeddable":true,"href":"https:\/\/cococoast.com\/fr-ch\/wp-json\/wp\/v2\/product_cat?post=4036"},{"taxonomy":"product_tag","embeddable":true,"href":"https:\/\/cococoast.com\/fr-ch\/wp-json\/wp\/v2\/product_tag?post=4036"}],"curies":[{"name":"wp","href":"https:\/\/api.w.org\/{rel}","templated":true}]}}