{"id":4158,"date":"2023-06-30T21:10:40","date_gmt":"2023-06-30T11:10:40","guid":{"rendered":"https:\/\/cococoast.com\/fr-ch\/?post_type=product&#038;p=4158"},"modified":"2024-12-11T05:50:21","modified_gmt":"2024-12-11T04:50:21","slug":"sparkling-passionfruit-coconut-water","status":"publish","type":"product","link":"https:\/\/cococoast.com\/fr-ch\/product\/sparkling-passionfruit-coconut-water\/","title":{"rendered":"Sparkling Coconut Water with Passionfruit"},"content":{"rendered":"<p>Vivez une aventure tropicale avec CocoCoast Passionfruit &#8211; un duo audacieux qui vous emm\u00e8ne dans une course folle \u00e0 travers une jungle de saveurs. La noix de coco douce et sucr\u00e9e ouvre la voie au fruit de la passion acidul\u00e9 et piquant, cr\u00e9ant une exp\u00e9rience exaltante et rafra\u00eechissante qui vous transporte dans un pays lointain.<\/p>\n","protected":false},"excerpt":{"rendered":"<p>Vivez une aventure tropicale avec CocoCoast Passionfruit &#8211; un duo audacieux qui vous emm\u00e8ne dans une course folle \u00e0 travers une jungle de saveurs. La noix de coco douce et sucr\u00e9e ouvre la voie au fruit de la passion acidul\u00e9 et piquant, cr\u00e9ant une exp\u00e9rience exaltante et rafra\u00eechissante qui vous transporte dans un pays lointain.<\/p>\n","protected":false},"featured_media":6210,"comment_status":"closed","ping_status":"closed","template":"","meta":{"_acf_changed":false},"product_brand":[],"product_cat":[46],"product_tag":[],"class_list":{"0":"post-4158","1":"product","2":"type-product","3":"status-publish","4":"has-post-thumbnail","6":"product_cat-cococoast","8":"first","9":"instock","10":"purchasable","11":"product-type-simple"},"acf":[],"_links":{"self":[{"href":"https:\/\/cococoast.com\/fr-ch\/wp-json\/wp\/v2\/product\/4158","targetHints":{"allow":["GET"]}}],"collection":[{"href":"https:\/\/cococoast.com\/fr-ch\/wp-json\/wp\/v2\/product"}],"about":[{"href":"https:\/\/cococoast.com\/fr-ch\/wp-json\/wp\/v2\/types\/product"}],"replies":[{"embeddable":true,"href":"https:\/\/cococoast.com\/fr-ch\/wp-json\/wp\/v2\/comments?post=4158"}],"wp:featuredmedia":[{"embeddable":true,"href":"https:\/\/cococoast.com\/fr-ch\/wp-json\/wp\/v2\/media\/6210"}],"wp:attachment":[{"href":"https:\/\/cococoast.com\/fr-ch\/wp-json\/wp\/v2\/media?parent=4158"}],"wp:term":[{"taxonomy":"product_brand","embeddable":true,"href":"https:\/\/cococoast.com\/fr-ch\/wp-json\/wp\/v2\/product_brand?post=4158"},{"taxonomy":"product_cat","embeddable":true,"href":"https:\/\/cococoast.com\/fr-ch\/wp-json\/wp\/v2\/product_cat?post=4158"},{"taxonomy":"product_tag","embeddable":true,"href":"https:\/\/cococoast.com\/fr-ch\/wp-json\/wp\/v2\/product_tag?post=4158"}],"curies":[{"name":"wp","href":"https:\/\/api.w.org\/{rel}","templated":true}]}}