{"id":4161,"date":"2023-06-30T21:24:16","date_gmt":"2023-06-30T11:24:16","guid":{"rendered":"https:\/\/cococoast.com\/fr-ch\/?post_type=product&#038;p=4161"},"modified":"2024-12-11T05:49:52","modified_gmt":"2024-12-11T04:49:52","slug":"sparkling-lemon-coconut-water","status":"publish","type":"product","link":"https:\/\/cococoast.com\/fr-ch\/product\/sparkling-lemon-coconut-water\/","title":{"rendered":"Sparkling Coconut Water with Lemon"},"content":{"rendered":"<p>Pr\u00e9parez-vous \u00e0 danser le tango avec vos papilles gustatives &#8211; CocoCoast Lemon est l&rsquo;ultime sensation d&rsquo;agrumes ! Avec son go\u00fbt acidul\u00e9 et son eau de coco verte et rafra\u00eechissante, c&rsquo;est le moyen id\u00e9al d&rsquo;ajouter un peu de piquant \u00e0 votre journ\u00e9e. Ne vous contentez pas de vous hydrater, laissez-vous griser par cette saveur zest\u00e9e.<\/p>\n","protected":false},"excerpt":{"rendered":"<p>Pr\u00e9parez-vous \u00e0 danser le tango avec vos papilles gustatives &#8211; CocoCoast Lemon est l&rsquo;ultime sensation d&rsquo;agrumes ! Avec son go\u00fbt acidul\u00e9 et son eau de coco verte et rafra\u00eechissante, c&rsquo;est le moyen id\u00e9al d&rsquo;ajouter un peu de piquant \u00e0 votre journ\u00e9e. Ne vous contentez pas de vous hydrater, laissez-vous griser par cette saveur zest\u00e9e.<\/p>\n","protected":false},"featured_media":6049,"comment_status":"open","ping_status":"closed","template":"","meta":{"_acf_changed":false},"product_brand":[],"product_cat":[46],"product_tag":[],"class_list":{"0":"post-4161","1":"product","2":"type-product","3":"status-publish","4":"has-post-thumbnail","6":"product_cat-cococoast","8":"first","9":"instock","10":"purchasable","11":"product-type-simple"},"acf":[],"_links":{"self":[{"href":"https:\/\/cococoast.com\/fr-ch\/wp-json\/wp\/v2\/product\/4161","targetHints":{"allow":["GET"]}}],"collection":[{"href":"https:\/\/cococoast.com\/fr-ch\/wp-json\/wp\/v2\/product"}],"about":[{"href":"https:\/\/cococoast.com\/fr-ch\/wp-json\/wp\/v2\/types\/product"}],"replies":[{"embeddable":true,"href":"https:\/\/cococoast.com\/fr-ch\/wp-json\/wp\/v2\/comments?post=4161"}],"wp:featuredmedia":[{"embeddable":true,"href":"https:\/\/cococoast.com\/fr-ch\/wp-json\/wp\/v2\/media\/6049"}],"wp:attachment":[{"href":"https:\/\/cococoast.com\/fr-ch\/wp-json\/wp\/v2\/media?parent=4161"}],"wp:term":[{"taxonomy":"product_brand","embeddable":true,"href":"https:\/\/cococoast.com\/fr-ch\/wp-json\/wp\/v2\/product_brand?post=4161"},{"taxonomy":"product_cat","embeddable":true,"href":"https:\/\/cococoast.com\/fr-ch\/wp-json\/wp\/v2\/product_cat?post=4161"},{"taxonomy":"product_tag","embeddable":true,"href":"https:\/\/cococoast.com\/fr-ch\/wp-json\/wp\/v2\/product_tag?post=4161"}],"curies":[{"name":"wp","href":"https:\/\/api.w.org\/{rel}","templated":true}]}}