{"id":4164,"date":"2023-06-30T21:35:05","date_gmt":"2023-06-30T11:35:05","guid":{"rendered":"https:\/\/cococoast.com\/fr-ch\/?post_type=product&#038;p=4164"},"modified":"2024-12-11T05:50:06","modified_gmt":"2024-12-11T04:50:06","slug":"sparkling-raspberry-coconut-water","status":"publish","type":"product","link":"https:\/\/cococoast.com\/fr-ch\/product\/sparkling-raspberry-coconut-water\/","title":{"rendered":"Sparkling Coconut Water with Raspberry"},"content":{"rendered":"<p>Notre eau de coco p\u00e9tillante \u00e0 la framboise est comme une symphonie gustative parfaitement orchestr\u00e9e, m\u00ealant des notes sucr\u00e9es et acidul\u00e9es pour cr\u00e9er une exp\u00e9rience gustative rafra\u00eechissante et harmonieuse. \u00c0 chaque gorg\u00e9e, vos papilles chanteront de joie. La sensation gustative vous laissera un go\u00fbt de rappel.<\/p>\n","protected":false},"excerpt":{"rendered":"<p>Notre eau de coco p\u00e9tillante \u00e0 la framboise est comme une symphonie gustative parfaitement orchestr\u00e9e, m\u00ealant des notes sucr\u00e9es et acidul\u00e9es pour cr\u00e9er une exp\u00e9rience gustative rafra\u00eechissante et harmonieuse. \u00c0 chaque gorg\u00e9e, vos papilles chanteront de joie. La sensation gustative vous laissera un go\u00fbt de rappel.<\/p>\n","protected":false},"featured_media":6048,"comment_status":"open","ping_status":"closed","template":"","meta":{"_acf_changed":false},"product_brand":[],"product_cat":[46],"product_tag":[],"class_list":{"0":"post-4164","1":"product","2":"type-product","3":"status-publish","4":"has-post-thumbnail","6":"product_cat-cococoast","8":"first","9":"instock","10":"taxable","11":"shipping-taxable","12":"purchasable","13":"product-type-simple"},"acf":[],"_links":{"self":[{"href":"https:\/\/cococoast.com\/fr-ch\/wp-json\/wp\/v2\/product\/4164","targetHints":{"allow":["GET"]}}],"collection":[{"href":"https:\/\/cococoast.com\/fr-ch\/wp-json\/wp\/v2\/product"}],"about":[{"href":"https:\/\/cococoast.com\/fr-ch\/wp-json\/wp\/v2\/types\/product"}],"replies":[{"embeddable":true,"href":"https:\/\/cococoast.com\/fr-ch\/wp-json\/wp\/v2\/comments?post=4164"}],"wp:featuredmedia":[{"embeddable":true,"href":"https:\/\/cococoast.com\/fr-ch\/wp-json\/wp\/v2\/media\/6048"}],"wp:attachment":[{"href":"https:\/\/cococoast.com\/fr-ch\/wp-json\/wp\/v2\/media?parent=4164"}],"wp:term":[{"taxonomy":"product_brand","embeddable":true,"href":"https:\/\/cococoast.com\/fr-ch\/wp-json\/wp\/v2\/product_brand?post=4164"},{"taxonomy":"product_cat","embeddable":true,"href":"https:\/\/cococoast.com\/fr-ch\/wp-json\/wp\/v2\/product_cat?post=4164"},{"taxonomy":"product_tag","embeddable":true,"href":"https:\/\/cococoast.com\/fr-ch\/wp-json\/wp\/v2\/product_tag?post=4164"}],"curies":[{"name":"wp","href":"https:\/\/api.w.org\/{rel}","templated":true}]}}