{"id":4165,"date":"2023-06-30T21:38:55","date_gmt":"2023-06-30T11:38:55","guid":{"rendered":"https:\/\/cococoast.com\/fr-ch\/?post_type=product&#038;p=4165"},"modified":"2024-11-28T13:51:50","modified_gmt":"2024-11-28T12:51:50","slug":"sparkling-coconut-water","status":"publish","type":"product","link":"https:\/\/cococoast.com\/fr-ch\/product\/sparkling-coconut-water\/","title":{"rendered":"Sparkling Coconut Water"},"content":{"rendered":"<p>Accrochez-vous \u00e0 vos noix de coco, vous allez \u00eatre \u00e9blouis par notre eau de coco naturelle p\u00e9tillante. Cette boisson extr\u00eamement rafra\u00eechissante est comme de l&rsquo;or liquide \u00e9tincelant, les minuscules bulles vous remontant le moral \u00e0 chaque gorg\u00e9e. Elle n&rsquo;est pas seulement hydratante, elle est aussi nourrissante.<\/p>\n","protected":false},"excerpt":{"rendered":"<p>Accrochez-vous \u00e0 vos noix de coco, vous allez \u00eatre \u00e9blouis par notre eau de coco naturelle p\u00e9tillante. Cette boisson extr\u00eamement rafra\u00eechissante est comme de l&rsquo;or liquide \u00e9tincelant, les minuscules bulles vous remontant le moral \u00e0 chaque gorg\u00e9e. Elle n&rsquo;est pas seulement hydratante, elle est aussi nourrissante.<\/p>\n","protected":false},"featured_media":6047,"comment_status":"open","ping_status":"closed","template":"","meta":{"_acf_changed":false},"product_brand":[],"product_cat":[46],"product_tag":[],"class_list":{"0":"post-4165","1":"product","2":"type-product","3":"status-publish","4":"has-post-thumbnail","6":"product_cat-cococoast","8":"first","9":"instock","10":"taxable","11":"shipping-taxable","12":"purchasable","13":"product-type-simple"},"acf":[],"_links":{"self":[{"href":"https:\/\/cococoast.com\/fr-ch\/wp-json\/wp\/v2\/product\/4165","targetHints":{"allow":["GET"]}}],"collection":[{"href":"https:\/\/cococoast.com\/fr-ch\/wp-json\/wp\/v2\/product"}],"about":[{"href":"https:\/\/cococoast.com\/fr-ch\/wp-json\/wp\/v2\/types\/product"}],"replies":[{"embeddable":true,"href":"https:\/\/cococoast.com\/fr-ch\/wp-json\/wp\/v2\/comments?post=4165"}],"wp:featuredmedia":[{"embeddable":true,"href":"https:\/\/cococoast.com\/fr-ch\/wp-json\/wp\/v2\/media\/6047"}],"wp:attachment":[{"href":"https:\/\/cococoast.com\/fr-ch\/wp-json\/wp\/v2\/media?parent=4165"}],"wp:term":[{"taxonomy":"product_brand","embeddable":true,"href":"https:\/\/cococoast.com\/fr-ch\/wp-json\/wp\/v2\/product_brand?post=4165"},{"taxonomy":"product_cat","embeddable":true,"href":"https:\/\/cococoast.com\/fr-ch\/wp-json\/wp\/v2\/product_cat?post=4165"},{"taxonomy":"product_tag","embeddable":true,"href":"https:\/\/cococoast.com\/fr-ch\/wp-json\/wp\/v2\/product_tag?post=4165"}],"curies":[{"name":"wp","href":"https:\/\/api.w.org\/{rel}","templated":true}]}}